{"id":372,"date":"2024-09-16T16:50:26","date_gmt":"2024-09-16T19:50:26","guid":{"rendered":"https:\/\/sabios2.zerodhee.com.br\/contact\/"},"modified":"2024-10-03T16:11:30","modified_gmt":"2024-10-03T19:11:30","slug":"contact","status":"publish","type":"page","link":"https:\/\/sabios2.zerodhee.com.br\/en\/contact\/","title":{"rendered":"Contact"},"content":{"rendered":"<section class=\"l-section wpb_row us_custom_1869bec2 height_medium\"><div class=\"l-section-h i-cf\"><div class=\"g-cols vc_row via_grid cols_2 laptops-cols_inherit tablets-cols_inherit mobiles-cols_1 valign_top type_default stacking_default\"><div class=\"wpb_column vc_column_container\"><div class=\"vc_column-inner\">[vc_custom_heading text=&#8221;Contact us&#8221; use_theme_fonts=&#8221;yes&#8221; css=&#8221;%7B%22default%22%3A%7B%22animation-name%22%3A%22afb%22%7D%7D&#8221;]<div class=\"w-separator size_small\"><\/div>\n<div class=\"wpcf7 no-js us_custom_60e9caca us_animate_this\" id=\"wpcf7-f402-o1\" lang=\"en-US\" dir=\"ltr\" data-wpcf7-id=\"402\">\n<div class=\"screen-reader-response\"><p role=\"status\" aria-live=\"polite\" aria-atomic=\"true\"><\/p> <ul><\/ul><\/div>\n<form action=\"\/en\/wp-json\/wp\/v2\/pages\/372#wpcf7-f402-o1\" method=\"post\" class=\"wpcf7-form init\" aria-label=\"Contact form\" novalidate=\"novalidate\" data-status=\"init\">\n<fieldset class=\"hidden-fields-container\"><input type=\"hidden\" name=\"_wpcf7\" value=\"402\" \/><input type=\"hidden\" name=\"_wpcf7_version\" value=\"6.1.5\" \/><input type=\"hidden\" name=\"_wpcf7_locale\" value=\"en_US\" \/><input type=\"hidden\" name=\"_wpcf7_unit_tag\" value=\"wpcf7-f402-o1\" \/><input type=\"hidden\" name=\"_wpcf7_container_post\" value=\"0\" \/><input type=\"hidden\" name=\"_wpcf7_posted_data_hash\" value=\"\" \/>\n<\/fieldset>\n<div class=\"grade\">\n\t<div class=\"linha\">\n\t\t<div class=\"coluna-12\">\n\t\t\t<p><span class=\"wpcf7-form-control-wrap\" data-name=\"your-name\"><input size=\"40\" maxlength=\"400\" class=\"wpcf7-form-control wpcf7-text wpcf7-validates-as-required\" aria-required=\"true\" aria-invalid=\"false\" placeholder=\"Name*\" value=\"\" type=\"text\" name=\"your-name\" \/><\/span>\n\t\t\t<\/p>\n\t\t<\/div>\n\t\t<div class=\"coluna-6\">\n\t\t\t<p><span class=\"wpcf7-form-control-wrap\" data-name=\"your-email\"><input size=\"40\" maxlength=\"400\" class=\"wpcf7-form-control wpcf7-email wpcf7-validates-as-required wpcf7-text wpcf7-validates-as-email\" aria-required=\"true\" aria-invalid=\"false\" placeholder=\"E-mail*\" value=\"\" type=\"email\" name=\"your-email\" \/><\/span>\n\t\t\t<\/p>\n\t\t<\/div>\n\t\t<div class=\"coluna-6\">\n\t\t\t<p><span class=\"wpcf7-form-control-wrap\" data-name=\"your-telefone\"><input size=\"40\" maxlength=\"400\" class=\"wpcf7-form-control wpcf7-text wpcf7-validates-as-required\" aria-required=\"true\" aria-invalid=\"false\" placeholder=\"Phone*\" value=\"\" type=\"text\" name=\"your-telefone\" \/><\/span>\n\t\t\t<\/p>\n\t\t<\/div>\n\t\t<div class=\"coluna-12\">\n\t\t\t<p><span class=\"wpcf7-form-control-wrap\" data-name=\"your-mensagem\"><textarea cols=\"40\" rows=\"10\" maxlength=\"2000\" class=\"wpcf7-form-control wpcf7-textarea wpcf7-validates-as-required\" aria-required=\"true\" aria-invalid=\"false\" placeholder=\"Message*\" name=\"your-mensagem\"><\/textarea><\/span>\n\t\t\t<\/p>\n\t\t<\/div>\n\t\t<div class=\"coluna-12\">\n\t\t\t<p><span class=\"wpcf7-form-control-wrap\" data-name=\"acceptance-79\"><span class=\"wpcf7-form-control wpcf7-acceptance\"><span class=\"wpcf7-list-item\"><label><input type=\"checkbox\" name=\"acceptance-79\" value=\"1\" aria-invalid=\"false\" \/><span class=\"wpcf7-list-item-label\"><span style=\"font-size: 0.8rem;line-height:1.4;\">By clicking the submit button, I agree to <a href=\"\/politica-de-privacidade\">the Consent<\/a><\/span>\n<\/div>\n\n<div class=\"coluna-12\"><\/span><\/label><\/span><\/span><\/span><span id=\"wpcf7-69f21ef5957d4-wrapper\" class=\"wpcf7-form-control-wrap email-website-spamkiller-wrap\" style=\"display:none !important; visibility:hidden !important;\"><input type=\"hidden\" name=\"email-website-spamkiller-time-start\" value=\"1777475317\"><input type=\"hidden\" name=\"email-website-spamkiller-time-check\" value=\"4\"><label for=\"wpcf7-69f21ef5957d4-field\" class=\"hp-message\">Please leave this field empty.<\/label><input id=\"wpcf7-69f21ef5957d4-field\"  placeholder=\"Full Name\"  class=\"wpcf7-form-control wpcf7-text\" type=\"text\" name=\"email-website-spamkiller\" value=\"\" size=\"40\" tabindex=\"-1\" autocomplete=\"new-password\" \/><\/span><input class=\"wpcf7-form-control wpcf7-submit has-spinner expande-botao\" type=\"submit\" value=\"Submit\" \/>\n\t\t\t<\/p>\n\t\t<\/div>\n\t<\/div>\n<\/div><div class=\"wpcf7-response-output\" aria-hidden=\"true\"><\/div>\n<\/form>\n<\/div>\n<\/div><\/div><div class=\"wpb_column vc_column_container\"><div class=\"vc_column-inner\">[vc_custom_heading text=&#8221;Contact details&#8221; use_theme_fonts=&#8221;yes&#8221; css=&#8221;%7B%22default%22%3A%7B%22animation-name%22%3A%22afb%22%7D%7D&#8221;]<div class=\"w-separator size_small\"><\/div><div class=\"w-vwrapper align_none valign_top\" style=\"--vwrapper-gap:1rem\"><div class=\"w-iconbox us_custom_60e9caca us_animate_this iconpos_left style_default color_primary align_left\"><div class=\"w-iconbox-icon\" style=\"font-size:2rem;\"><i class=\"fas fa-map-marker-alt\"><\/i><\/div><div class=\"w-iconbox-meta\"><h3 class=\"w-iconbox-title\" style=\"font-size:1.1rem;\">Address<\/h3><div class=\"w-iconbox-text\"><p><a href=\"https:\/\/maps.app.goo.gl\/jECjT55SsusNW7qJA\" target=\"_blank\" rel=\"noopener\">Av. Luiz Boiteux Piazza, 1302, Cachoeira do Bom Jesus, Florian\u00f3polis \u2013 SC \u2013 88056-000<\/a><\/p>\n<\/div><\/div><\/div><div class=\"w-iconbox us_custom_60e9caca us_animate_this iconpos_left style_default color_primary align_left\"><div class=\"w-iconbox-icon\" style=\"font-size:2rem;\"><i class=\"fas fa-phone\"><\/i><\/div><div class=\"w-iconbox-meta\"><h3 class=\"w-iconbox-title\" style=\"font-size:1.1rem;\">Telephone<\/h3><div class=\"w-iconbox-text\"><p><a href=\"tel:+551195710985\" target=\"_blank\" rel=\"noopener\">(11) 95071-0985<\/a><\/p>\n<\/div><\/div><\/div><div class=\"w-socials us_custom_1e75b323 us_animate_this color_link shape_square style_default hover_none\"><div class=\"w-socials-list\"><div class=\"w-socials-item linkedin\"><a target=\"_blank\" rel=\"nofollow\" href=\"https:\/\/www.linkedin.com\/company\/sabiaexperience\" class=\"w-socials-item-link\" aria-label=\"LinkedIn\"><span class=\"w-socials-item-link-hover\"><\/span><i class=\"fab fa-linkedin\"><\/i><\/a><div class=\"w-socials-item-popup\"><span>LinkedIn<\/span><\/div><\/div><div class=\"w-socials-item instagram\"><a target=\"_blank\" rel=\"nofollow\" href=\"https:\/\/www.instagram.com\/sabiosinova\/\" class=\"w-socials-item-link\" aria-label=\"Instagram\"><span class=\"w-socials-item-link-hover\"><\/span><i class=\"fab fa-instagram\"><\/i><\/a><div class=\"w-socials-item-popup\"><span>Instagram<\/span><\/div><\/div><div class=\"w-socials-item facebook\"><a target=\"_blank\" rel=\"nofollow\" href=\"https:\/\/www.facebook.com\/sabiosinova\/\" class=\"w-socials-item-link\" aria-label=\"Facebook\"><span class=\"w-socials-item-link-hover\"><\/span><i class=\"fab fa-facebook\"><\/i><\/a><div class=\"w-socials-item-popup\"><span>Facebook<\/span><\/div><\/div><div class=\"w-socials-item youtube\"><a target=\"_blank\" rel=\"nofollow\" href=\"https:\/\/www.youtube.com\/@sabios2404\/videos\" class=\"w-socials-item-link\" aria-label=\"YouTube\"><span class=\"w-socials-item-link-hover\"><\/span><i class=\"fab fa-youtube\"><\/i><\/a><div class=\"w-socials-item-popup\"><span>YouTube<\/span><\/div><\/div><\/div><\/div><\/div><\/div><\/div><\/div><\/div><\/section>\n","protected":false},"excerpt":{"rendered":"[vc_custom_heading text=\"Contact us\" use_theme_fonts=\"yes\" css=\"%7B%22default%22%3A%7B%22animation-name%22%3A%22afb%22%7D%7D\"] By clicking the submit button, I agree to the Consent Please leave this field empty. [vc_custom_heading text=\"Contact details\" use_theme_fonts=\"yes\" css=\"%7B%22default%22%3A%7B%22animation-name%22%3A%22afb%22%7D%7D\"]AddressAv. Luiz Boiteux Piazza, 1302, Cachoeira do Bom Jesus, Florian\u00f3polis \u2013 SC \u2013 88056-000 Telephone(11) 95071-0985 LinkedInInstagramFacebookYouTube","protected":false},"author":1,"featured_media":0,"parent":0,"menu_order":0,"comment_status":"closed","ping_status":"closed","template":"","meta":{"_acf_changed":false,"footnotes":""},"class_list":["post-372","page","type-page","status-publish","hentry"],"acf":[],"yoast_head":"<!-- This site is optimized with the Yoast SEO plugin v27.0 - https:\/\/yoast.com\/product\/yoast-seo-wordpress\/ -->\n<title>Contact - Sabios<\/title>\n<meta name=\"description\" content=\"Contact\" \/>\n<meta name=\"robots\" content=\"noindex, follow, max-snippet:-1, max-image-preview:large, max-video-preview:-1\" \/>\n<meta property=\"og:locale\" content=\"en_US\" \/>\n<meta property=\"og:type\" content=\"article\" \/>\n<meta property=\"og:title\" content=\"Contact - Sabios\" \/>\n<meta property=\"og:description\" content=\"Contact\" \/>\n<meta property=\"og:url\" content=\"https:\/\/sabios2.zerodhee.com.br\/en\/contact\/\" \/>\n<meta property=\"og:site_name\" content=\"Sabios\" \/>\n<meta property=\"article:publisher\" content=\"https:\/\/www.facebook.com\/sabiosinovacao\" \/>\n<meta property=\"article:modified_time\" content=\"2024-10-03T19:11:30+00:00\" \/>\n<meta property=\"og:image\" content=\"https:\/\/sabios2.zerodhee.com.br\/wp-content\/uploads\/2024\/10\/Captura-de-tela-2024-10-03-162631.png\" \/>\n\t<meta property=\"og:image:width\" content=\"1573\" \/>\n\t<meta property=\"og:image:height\" content=\"625\" \/>\n\t<meta property=\"og:image:type\" content=\"image\/png\" \/>\n<meta name=\"twitter:card\" content=\"summary_large_image\" \/>\n<meta name=\"twitter:label1\" content=\"Est. reading time\" \/>\n\t<meta name=\"twitter:data1\" content=\"1 minute\" \/>\n<script type=\"application\/ld+json\" class=\"yoast-schema-graph\">{\"@context\":\"https:\/\/schema.org\",\"@graph\":[{\"@type\":\"WebPage\",\"@id\":\"https:\/\/sabios2.zerodhee.com.br\/en\/contact\/\",\"url\":\"https:\/\/sabios2.zerodhee.com.br\/en\/contact\/\",\"name\":\"Contact - Sabios\",\"isPartOf\":{\"@id\":\"https:\/\/sabios2.zerodhee.com.br\/en\/#website\"},\"datePublished\":\"2024-09-16T19:50:26+00:00\",\"dateModified\":\"2024-10-03T19:11:30+00:00\",\"description\":\"Contact\",\"breadcrumb\":{\"@id\":\"https:\/\/sabios2.zerodhee.com.br\/en\/contact\/#breadcrumb\"},\"inLanguage\":\"en-US\",\"potentialAction\":[{\"@type\":\"ReadAction\",\"target\":[\"https:\/\/sabios2.zerodhee.com.br\/en\/contact\/\"]}]},{\"@type\":\"BreadcrumbList\",\"@id\":\"https:\/\/sabios2.zerodhee.com.br\/en\/contact\/#breadcrumb\",\"itemListElement\":[{\"@type\":\"ListItem\",\"position\":1,\"name\":\"In\u00edcio\",\"item\":\"https:\/\/sabios2.zerodhee.com.br\/en\/\"},{\"@type\":\"ListItem\",\"position\":2,\"name\":\"Contact\"}]},{\"@type\":\"WebSite\",\"@id\":\"https:\/\/sabios2.zerodhee.com.br\/en\/#website\",\"url\":\"https:\/\/sabios2.zerodhee.com.br\/en\/\",\"name\":\"Sabios\",\"description\":\"Integramos metodologias avan\u00e7adas, tecnologias de ponta e intelig\u00eancia artificial para gerir e potencializar a performance organizacional e da for\u00e7a de trabalho.\",\"publisher\":{\"@id\":\"https:\/\/sabios2.zerodhee.com.br\/en\/#organization\"},\"alternateName\":\"Sabios\",\"potentialAction\":[{\"@type\":\"SearchAction\",\"target\":{\"@type\":\"EntryPoint\",\"urlTemplate\":\"https:\/\/sabios2.zerodhee.com.br\/en\/?s={search_term_string}\"},\"query-input\":{\"@type\":\"PropertyValueSpecification\",\"valueRequired\":true,\"valueName\":\"search_term_string\"}}],\"inLanguage\":\"en-US\"},{\"@type\":\"Organization\",\"@id\":\"https:\/\/sabios2.zerodhee.com.br\/en\/#organization\",\"name\":\"S\u00e1bios inova\u00e7\u00e3o e intelig\u00eancia\",\"alternateName\":\"S\u00e1bios inova\u00e7\u00e3o e intelig\u00eancia\",\"url\":\"https:\/\/sabios2.zerodhee.com.br\/en\/\",\"logo\":{\"@type\":\"ImageObject\",\"inLanguage\":\"en-US\",\"@id\":\"https:\/\/sabios2.zerodhee.com.br\/en\/#\/schema\/logo\/image\/\",\"url\":\"https:\/\/sabios2.zerodhee.com.br\/wp-content\/uploads\/2024\/09\/logo_sabios.png\",\"contentUrl\":\"https:\/\/sabios2.zerodhee.com.br\/wp-content\/uploads\/2024\/09\/logo_sabios.png\",\"width\":166,\"height\":31,\"caption\":\"S\u00e1bios inova\u00e7\u00e3o e intelig\u00eancia\"},\"image\":{\"@id\":\"https:\/\/sabios2.zerodhee.com.br\/en\/#\/schema\/logo\/image\/\"},\"sameAs\":[\"https:\/\/www.facebook.com\/sabiosinovacao\",\"https:\/\/www.instagram.com\/sabiosinova\/\",\"https:\/\/www.linkedin.com\/company\/740212\/admin\/dashboard\/\"]}]}<\/script>\n<!-- \/ Yoast SEO plugin. -->","yoast_head_json":{"title":"Contact - Sabios","description":"Contact","robots":{"index":"noindex","follow":"follow","max-snippet":"max-snippet:-1","max-image-preview":"max-image-preview:large","max-video-preview":"max-video-preview:-1"},"og_locale":"en_US","og_type":"article","og_title":"Contact - Sabios","og_description":"Contact","og_url":"https:\/\/sabios2.zerodhee.com.br\/en\/contact\/","og_site_name":"Sabios","article_publisher":"https:\/\/www.facebook.com\/sabiosinovacao","article_modified_time":"2024-10-03T19:11:30+00:00","og_image":[{"width":1573,"height":625,"url":"https:\/\/sabios2.zerodhee.com.br\/wp-content\/uploads\/2024\/10\/Captura-de-tela-2024-10-03-162631.png","type":"image\/png"}],"twitter_card":"summary_large_image","twitter_misc":{"Est. reading time":"1 minute"},"schema":{"@context":"https:\/\/schema.org","@graph":[{"@type":"WebPage","@id":"https:\/\/sabios2.zerodhee.com.br\/en\/contact\/","url":"https:\/\/sabios2.zerodhee.com.br\/en\/contact\/","name":"Contact - Sabios","isPartOf":{"@id":"https:\/\/sabios2.zerodhee.com.br\/en\/#website"},"datePublished":"2024-09-16T19:50:26+00:00","dateModified":"2024-10-03T19:11:30+00:00","description":"Contact","breadcrumb":{"@id":"https:\/\/sabios2.zerodhee.com.br\/en\/contact\/#breadcrumb"},"inLanguage":"en-US","potentialAction":[{"@type":"ReadAction","target":["https:\/\/sabios2.zerodhee.com.br\/en\/contact\/"]}]},{"@type":"BreadcrumbList","@id":"https:\/\/sabios2.zerodhee.com.br\/en\/contact\/#breadcrumb","itemListElement":[{"@type":"ListItem","position":1,"name":"In\u00edcio","item":"https:\/\/sabios2.zerodhee.com.br\/en\/"},{"@type":"ListItem","position":2,"name":"Contact"}]},{"@type":"WebSite","@id":"https:\/\/sabios2.zerodhee.com.br\/en\/#website","url":"https:\/\/sabios2.zerodhee.com.br\/en\/","name":"Sabios","description":"Integramos metodologias avan\u00e7adas, tecnologias de ponta e intelig\u00eancia artificial para gerir e potencializar a performance organizacional e da for\u00e7a de trabalho.","publisher":{"@id":"https:\/\/sabios2.zerodhee.com.br\/en\/#organization"},"alternateName":"Sabios","potentialAction":[{"@type":"SearchAction","target":{"@type":"EntryPoint","urlTemplate":"https:\/\/sabios2.zerodhee.com.br\/en\/?s={search_term_string}"},"query-input":{"@type":"PropertyValueSpecification","valueRequired":true,"valueName":"search_term_string"}}],"inLanguage":"en-US"},{"@type":"Organization","@id":"https:\/\/sabios2.zerodhee.com.br\/en\/#organization","name":"S\u00e1bios inova\u00e7\u00e3o e intelig\u00eancia","alternateName":"S\u00e1bios inova\u00e7\u00e3o e intelig\u00eancia","url":"https:\/\/sabios2.zerodhee.com.br\/en\/","logo":{"@type":"ImageObject","inLanguage":"en-US","@id":"https:\/\/sabios2.zerodhee.com.br\/en\/#\/schema\/logo\/image\/","url":"https:\/\/sabios2.zerodhee.com.br\/wp-content\/uploads\/2024\/09\/logo_sabios.png","contentUrl":"https:\/\/sabios2.zerodhee.com.br\/wp-content\/uploads\/2024\/09\/logo_sabios.png","width":166,"height":31,"caption":"S\u00e1bios inova\u00e7\u00e3o e intelig\u00eancia"},"image":{"@id":"https:\/\/sabios2.zerodhee.com.br\/en\/#\/schema\/logo\/image\/"},"sameAs":["https:\/\/www.facebook.com\/sabiosinovacao","https:\/\/www.instagram.com\/sabiosinova\/","https:\/\/www.linkedin.com\/company\/740212\/admin\/dashboard\/"]}]}},"_links":{"self":[{"href":"https:\/\/sabios2.zerodhee.com.br\/en\/wp-json\/wp\/v2\/pages\/372","targetHints":{"allow":["GET"]}}],"collection":[{"href":"https:\/\/sabios2.zerodhee.com.br\/en\/wp-json\/wp\/v2\/pages"}],"about":[{"href":"https:\/\/sabios2.zerodhee.com.br\/en\/wp-json\/wp\/v2\/types\/page"}],"author":[{"embeddable":true,"href":"https:\/\/sabios2.zerodhee.com.br\/en\/wp-json\/wp\/v2\/users\/1"}],"replies":[{"embeddable":true,"href":"https:\/\/sabios2.zerodhee.com.br\/en\/wp-json\/wp\/v2\/comments?post=372"}],"version-history":[{"count":3,"href":"https:\/\/sabios2.zerodhee.com.br\/en\/wp-json\/wp\/v2\/pages\/372\/revisions"}],"predecessor-version":[{"id":375,"href":"https:\/\/sabios2.zerodhee.com.br\/en\/wp-json\/wp\/v2\/pages\/372\/revisions\/375"}],"wp:attachment":[{"href":"https:\/\/sabios2.zerodhee.com.br\/en\/wp-json\/wp\/v2\/media?parent=372"}],"curies":[{"name":"wp","href":"https:\/\/api.w.org\/{rel}","templated":true}]}}