{"id":406,"date":"2024-09-16T10:52:38","date_gmt":"2024-09-16T13:52:38","guid":{"rendered":"https:\/\/sabios2.zerodhee.com.br\/pagina-de-resultado-de-busca\/"},"modified":"2024-09-19T11:20:51","modified_gmt":"2024-09-19T14:20:51","slug":"search-result-page","status":"publish","type":"page","link":"https:\/\/sabios2.zerodhee.com.br\/en\/search-result-page\/","title":{"rendered":"Search result page"},"content":{"rendered":"<section class=\"l-section wpb_row height_medium\"><div class=\"l-section-h i-cf\"><div class=\"g-cols vc_row via_grid cols_1 laptops-cols_inherit tablets-cols_inherit mobiles-cols_1 valign_top type_default stacking_default\"><div class=\"wpb_column vc_column_container\"><div class=\"vc_column-inner\"><\/div><\/div><\/div><\/div><\/section>\n","protected":false},"excerpt":{"rendered":"","protected":false},"author":1,"featured_media":0,"parent":0,"menu_order":0,"comment_status":"closed","ping_status":"closed","template":"","meta":{"_acf_changed":false,"footnotes":""},"class_list":["post-406","page","type-page","status-publish","hentry"],"acf":[],"yoast_head":"<!-- This site is optimized with the Yoast SEO plugin v27.0 - https:\/\/yoast.com\/product\/yoast-seo-wordpress\/ -->\n<title>Search result page - Sabios<\/title>\n<meta name=\"robots\" content=\"noindex, follow, max-snippet:-1, max-image-preview:large, max-video-preview:-1\" \/>\n<meta property=\"og:locale\" content=\"en_US\" \/>\n<meta property=\"og:type\" content=\"article\" \/>\n<meta property=\"og:title\" content=\"Search result page - Sabios\" \/>\n<meta property=\"og:url\" content=\"https:\/\/sabios2.zerodhee.com.br\/en\/search-result-page\/\" \/>\n<meta property=\"og:site_name\" content=\"Sabios\" \/>\n<meta property=\"article:publisher\" content=\"https:\/\/www.facebook.com\/sabiosinovacao\" \/>\n<meta property=\"article:modified_time\" content=\"2024-09-19T14:20:51+00:00\" \/>\n<meta property=\"og:image\" content=\"https:\/\/sabios2.zerodhee.com.br\/wp-content\/uploads\/2024\/10\/Captura-de-tela-2024-10-03-162631.png\" \/>\n\t<meta property=\"og:image:width\" content=\"1573\" \/>\n\t<meta property=\"og:image:height\" content=\"625\" \/>\n\t<meta property=\"og:image:type\" content=\"image\/png\" \/>\n<meta name=\"twitter:card\" content=\"summary_large_image\" \/>\n<meta name=\"twitter:label1\" content=\"Est. reading time\" \/>\n\t<meta name=\"twitter:data1\" content=\"1 minute\" \/>\n<script type=\"application\/ld+json\" class=\"yoast-schema-graph\">{\"@context\":\"https:\/\/schema.org\",\"@graph\":[{\"@type\":\"WebPage\",\"@id\":\"https:\/\/sabios2.zerodhee.com.br\/en\/search-result-page\/\",\"url\":\"https:\/\/sabios2.zerodhee.com.br\/en\/search-result-page\/\",\"name\":\"Search result page - Sabios\",\"isPartOf\":{\"@id\":\"https:\/\/sabios2.zerodhee.com.br\/en\/#website\"},\"datePublished\":\"2024-09-16T13:52:38+00:00\",\"dateModified\":\"2024-09-19T14:20:51+00:00\",\"breadcrumb\":{\"@id\":\"https:\/\/sabios2.zerodhee.com.br\/en\/search-result-page\/#breadcrumb\"},\"inLanguage\":\"en-US\",\"potentialAction\":[{\"@type\":\"ReadAction\",\"target\":[\"https:\/\/sabios2.zerodhee.com.br\/en\/search-result-page\/\"]}]},{\"@type\":\"BreadcrumbList\",\"@id\":\"https:\/\/sabios2.zerodhee.com.br\/en\/search-result-page\/#breadcrumb\",\"itemListElement\":[{\"@type\":\"ListItem\",\"position\":1,\"name\":\"In\u00edcio\",\"item\":\"https:\/\/sabios2.zerodhee.com.br\/en\/\"},{\"@type\":\"ListItem\",\"position\":2,\"name\":\"Search result page\"}]},{\"@type\":\"WebSite\",\"@id\":\"https:\/\/sabios2.zerodhee.com.br\/en\/#website\",\"url\":\"https:\/\/sabios2.zerodhee.com.br\/en\/\",\"name\":\"Sabios\",\"description\":\"Integramos metodologias avan\u00e7adas, tecnologias de ponta e intelig\u00eancia artificial para gerir e potencializar a performance organizacional e da for\u00e7a de trabalho.\",\"publisher\":{\"@id\":\"https:\/\/sabios2.zerodhee.com.br\/en\/#organization\"},\"alternateName\":\"Sabios\",\"potentialAction\":[{\"@type\":\"SearchAction\",\"target\":{\"@type\":\"EntryPoint\",\"urlTemplate\":\"https:\/\/sabios2.zerodhee.com.br\/en\/?s={search_term_string}\"},\"query-input\":{\"@type\":\"PropertyValueSpecification\",\"valueRequired\":true,\"valueName\":\"search_term_string\"}}],\"inLanguage\":\"en-US\"},{\"@type\":\"Organization\",\"@id\":\"https:\/\/sabios2.zerodhee.com.br\/en\/#organization\",\"name\":\"S\u00e1bios inova\u00e7\u00e3o e intelig\u00eancia\",\"alternateName\":\"S\u00e1bios inova\u00e7\u00e3o e intelig\u00eancia\",\"url\":\"https:\/\/sabios2.zerodhee.com.br\/en\/\",\"logo\":{\"@type\":\"ImageObject\",\"inLanguage\":\"en-US\",\"@id\":\"https:\/\/sabios2.zerodhee.com.br\/en\/#\/schema\/logo\/image\/\",\"url\":\"https:\/\/sabios2.zerodhee.com.br\/wp-content\/uploads\/2024\/09\/logo_sabios.png\",\"contentUrl\":\"https:\/\/sabios2.zerodhee.com.br\/wp-content\/uploads\/2024\/09\/logo_sabios.png\",\"width\":166,\"height\":31,\"caption\":\"S\u00e1bios inova\u00e7\u00e3o e intelig\u00eancia\"},\"image\":{\"@id\":\"https:\/\/sabios2.zerodhee.com.br\/en\/#\/schema\/logo\/image\/\"},\"sameAs\":[\"https:\/\/www.facebook.com\/sabiosinovacao\",\"https:\/\/www.instagram.com\/sabiosinova\/\",\"https:\/\/www.linkedin.com\/company\/740212\/admin\/dashboard\/\"]}]}<\/script>\n<!-- \/ Yoast SEO plugin. -->","yoast_head_json":{"title":"Search result page - Sabios","robots":{"index":"noindex","follow":"follow","max-snippet":"max-snippet:-1","max-image-preview":"max-image-preview:large","max-video-preview":"max-video-preview:-1"},"og_locale":"en_US","og_type":"article","og_title":"Search result page - Sabios","og_url":"https:\/\/sabios2.zerodhee.com.br\/en\/search-result-page\/","og_site_name":"Sabios","article_publisher":"https:\/\/www.facebook.com\/sabiosinovacao","article_modified_time":"2024-09-19T14:20:51+00:00","og_image":[{"width":1573,"height":625,"url":"https:\/\/sabios2.zerodhee.com.br\/wp-content\/uploads\/2024\/10\/Captura-de-tela-2024-10-03-162631.png","type":"image\/png"}],"twitter_card":"summary_large_image","twitter_misc":{"Est. reading time":"1 minute"},"schema":{"@context":"https:\/\/schema.org","@graph":[{"@type":"WebPage","@id":"https:\/\/sabios2.zerodhee.com.br\/en\/search-result-page\/","url":"https:\/\/sabios2.zerodhee.com.br\/en\/search-result-page\/","name":"Search result page - Sabios","isPartOf":{"@id":"https:\/\/sabios2.zerodhee.com.br\/en\/#website"},"datePublished":"2024-09-16T13:52:38+00:00","dateModified":"2024-09-19T14:20:51+00:00","breadcrumb":{"@id":"https:\/\/sabios2.zerodhee.com.br\/en\/search-result-page\/#breadcrumb"},"inLanguage":"en-US","potentialAction":[{"@type":"ReadAction","target":["https:\/\/sabios2.zerodhee.com.br\/en\/search-result-page\/"]}]},{"@type":"BreadcrumbList","@id":"https:\/\/sabios2.zerodhee.com.br\/en\/search-result-page\/#breadcrumb","itemListElement":[{"@type":"ListItem","position":1,"name":"In\u00edcio","item":"https:\/\/sabios2.zerodhee.com.br\/en\/"},{"@type":"ListItem","position":2,"name":"Search result page"}]},{"@type":"WebSite","@id":"https:\/\/sabios2.zerodhee.com.br\/en\/#website","url":"https:\/\/sabios2.zerodhee.com.br\/en\/","name":"Sabios","description":"Integramos metodologias avan\u00e7adas, tecnologias de ponta e intelig\u00eancia artificial para gerir e potencializar a performance organizacional e da for\u00e7a de trabalho.","publisher":{"@id":"https:\/\/sabios2.zerodhee.com.br\/en\/#organization"},"alternateName":"Sabios","potentialAction":[{"@type":"SearchAction","target":{"@type":"EntryPoint","urlTemplate":"https:\/\/sabios2.zerodhee.com.br\/en\/?s={search_term_string}"},"query-input":{"@type":"PropertyValueSpecification","valueRequired":true,"valueName":"search_term_string"}}],"inLanguage":"en-US"},{"@type":"Organization","@id":"https:\/\/sabios2.zerodhee.com.br\/en\/#organization","name":"S\u00e1bios inova\u00e7\u00e3o e intelig\u00eancia","alternateName":"S\u00e1bios inova\u00e7\u00e3o e intelig\u00eancia","url":"https:\/\/sabios2.zerodhee.com.br\/en\/","logo":{"@type":"ImageObject","inLanguage":"en-US","@id":"https:\/\/sabios2.zerodhee.com.br\/en\/#\/schema\/logo\/image\/","url":"https:\/\/sabios2.zerodhee.com.br\/wp-content\/uploads\/2024\/09\/logo_sabios.png","contentUrl":"https:\/\/sabios2.zerodhee.com.br\/wp-content\/uploads\/2024\/09\/logo_sabios.png","width":166,"height":31,"caption":"S\u00e1bios inova\u00e7\u00e3o e intelig\u00eancia"},"image":{"@id":"https:\/\/sabios2.zerodhee.com.br\/en\/#\/schema\/logo\/image\/"},"sameAs":["https:\/\/www.facebook.com\/sabiosinovacao","https:\/\/www.instagram.com\/sabiosinova\/","https:\/\/www.linkedin.com\/company\/740212\/admin\/dashboard\/"]}]}},"_links":{"self":[{"href":"https:\/\/sabios2.zerodhee.com.br\/en\/wp-json\/wp\/v2\/pages\/406","targetHints":{"allow":["GET"]}}],"collection":[{"href":"https:\/\/sabios2.zerodhee.com.br\/en\/wp-json\/wp\/v2\/pages"}],"about":[{"href":"https:\/\/sabios2.zerodhee.com.br\/en\/wp-json\/wp\/v2\/types\/page"}],"author":[{"embeddable":true,"href":"https:\/\/sabios2.zerodhee.com.br\/en\/wp-json\/wp\/v2\/users\/1"}],"replies":[{"embeddable":true,"href":"https:\/\/sabios2.zerodhee.com.br\/en\/wp-json\/wp\/v2\/comments?post=406"}],"version-history":[{"count":2,"href":"https:\/\/sabios2.zerodhee.com.br\/en\/wp-json\/wp\/v2\/pages\/406\/revisions"}],"predecessor-version":[{"id":426,"href":"https:\/\/sabios2.zerodhee.com.br\/en\/wp-json\/wp\/v2\/pages\/406\/revisions\/426"}],"wp:attachment":[{"href":"https:\/\/sabios2.zerodhee.com.br\/en\/wp-json\/wp\/v2\/media?parent=406"}],"curies":[{"name":"wp","href":"https:\/\/api.w.org\/{rel}","templated":true}]}}